{"id":6834,"date":"2021-11-04T17:30:43","date_gmt":"2021-11-04T16:30:43","guid":{"rendered":"https:\/\/www.silviajaen.com\/yogaonline\/?post_type=product&#038;p=6834"},"modified":"2021-11-05T09:51:07","modified_gmt":"2021-11-05T08:51:07","slug":"curso-online-de-sadhana-y-profundizacion","status":"publish","type":"product","link":"https:\/\/www.silviajaen.com\/yogaonline\/producto\/curso-online-de-sadhana-y-profundizacion\/","title":{"rendered":"Curso Online de Sadhana y Profundizaci\u00f3n"},"content":{"rendered":"<h4>\u00bfQu\u00e9 vas a aprender en este Curso Online de Sadhana y Profundizaci\u00f3n ?<\/h4>\n<ul>\n<li><strong>ASANAS DEL YOGA<\/strong>.<br \/>\nToma de consciencia , alineaci\u00f3n y movimiento para sentirte desde la capa m\u00e1s externa a la mas interna y profunda.<br \/>\nAutodescubrimiento a trav\u00e9s de Anatom\u00eda B\u00e1sica y Fisiolog\u00eda.<\/li>\n<li><strong>BIENESTAR ANAT\u00d3MICO<\/strong>.<\/li>\n<li><strong>EQUILIBRIO<\/strong>\u00a0f\u00edsico<\/li>\n<li><strong>PEDAGOG\u00cdA<\/strong>\u00a0(si eres profesor) para transmitir lo vivido y experimentado a tus alumnos .<br \/>\nT\u00e9cnicas de ense\u00f1anza para impartir una buena pedagog\u00eda.<br \/>\nAdaptaciones y ajustes de las posturas para aplicar en cualquier patolog\u00eda.<\/li>\n<\/ul>\n<h4>\u00bfPor qu\u00e9 este Curso Online de Sadhana y Profundizaci\u00f3n ?<\/h4>\n<p>Esta nueva etapa que estamos viviendo, me ha llevado a traspasar todo mi trabajo presencia al mundo online:\u00a0<strong>clases, talleres y cursos EN DIRECTO ON-LINE<\/strong>.\u00a0<strong>Y estoy comprobando que la conexi\u00f3n y transmisi\u00f3n que existe entre los estudiantes y el profesor, traspasa las pantallas<\/strong>.<\/p>\n<p>Es por eso que te ofrezco en este\u00a0<strong>NUEVO formato<\/strong>, el curso de\u00a0<strong>Sadhana y Profundizaci\u00f3n<\/strong>, para que puedas disfrutarlo en directo e interactuar conmigo, y el resto de compa\u00f1eros.<\/p>\n<h4>Esta no es una Formaci\u00f3n Online m\u00e1s\u2026<\/h4>\n<p>Este curso es un bombazo, porque te permitir\u00e1, aun estando muy lejos f\u00edsicamente, poder recibir en tiempo real gu\u00eda y formaci\u00f3n, adem\u00e1s practicar bajo mi atenta mirada y acompa\u00f1amiento, en cada clase.\u00a0<strong>EN DIRECTO<\/strong>, ojo!\u00a0<strong>\u00a1No es simplemente una formaci\u00f3n Online m\u00e1s!<\/strong><\/p>\n<p><strong>En todo momento te acompa\u00f1o<\/strong>\u00a0como si de una clase presencial se tratara, para interactuar contigo y comunicarnos, para acompa\u00f1arte en tu camino del yoga, traspasando las barreras de las pantallas y queriendo llegar a ti de una forma especial, viviendo lo que el yoga nos brinda y ense\u00f1a.<\/p>\n","protected":false},"excerpt":{"rendered":"<p><strong>Curso compuesto por<\/strong><\/p>\n<ul>\n<li><strong>5 sesiones<\/strong>\u00a0para profundizaci\u00f3n en tu Sadhana.<\/li>\n<li><strong>2 Sesiones especiales<\/strong>, si eres\u00a0<strong>Profesor de Yoga<\/strong>\u00a0y deseas realizar una actualizaci\u00f3n en tu Pedagog\u00eda<\/li>\n<\/ul>\n<p><strong>Fechas:<\/strong>\u00a0del 2 de Noviembre al 14 de Diciembre.<\/p>\n<p><strong>D\u00eda de la semana:<\/strong>\u00a0Martes de 19.00 a 21.00<\/p>\n<p><strong>C\u00f3mo conectaremos:<\/strong>\u00a0V\u00eda Zoom\u00a0<em>(las clases quedar\u00e1n grabadas y las recibir\u00e1s en tu email para que puedas trabajarlo adem\u00e1s durante el resto de la semana).<\/em><\/p>\n","protected":false},"featured_media":6837,"comment_status":"open","ping_status":"closed","template":"","meta":{"pmpro_default_level":""},"product_cat":[69],"product_tag":[],"class_list":{"0":"post-6834","1":"product","2":"type-product","3":"status-publish","4":"has-post-thumbnail","6":"product_cat-cursos","7":"pmpro-has-access","9":"first","10":"instock","11":"shipping-taxable","12":"purchasable","13":"product-type-simple"},"_links":{"self":[{"href":"https:\/\/www.silviajaen.com\/yogaonline\/wp-json\/wp\/v2\/product\/6834","targetHints":{"allow":["GET"]}}],"collection":[{"href":"https:\/\/www.silviajaen.com\/yogaonline\/wp-json\/wp\/v2\/product"}],"about":[{"href":"https:\/\/www.silviajaen.com\/yogaonline\/wp-json\/wp\/v2\/types\/product"}],"replies":[{"embeddable":true,"href":"https:\/\/www.silviajaen.com\/yogaonline\/wp-json\/wp\/v2\/comments?post=6834"}],"wp:featuredmedia":[{"embeddable":true,"href":"https:\/\/www.silviajaen.com\/yogaonline\/wp-json\/wp\/v2\/media\/6837"}],"wp:attachment":[{"href":"https:\/\/www.silviajaen.com\/yogaonline\/wp-json\/wp\/v2\/media?parent=6834"}],"wp:term":[{"taxonomy":"product_cat","embeddable":true,"href":"https:\/\/www.silviajaen.com\/yogaonline\/wp-json\/wp\/v2\/product_cat?post=6834"},{"taxonomy":"product_tag","embeddable":true,"href":"https:\/\/www.silviajaen.com\/yogaonline\/wp-json\/wp\/v2\/product_tag?post=6834"}],"curies":[{"name":"wp","href":"https:\/\/api.w.org\/{rel}","templated":true}]}}